{"id":216,"date":"2025-03-08T23:02:05","date_gmt":"2025-03-08T22:02:05","guid":{"rendered":"https:\/\/www.ecole-musique-pannes.fr\/?page_id=216"},"modified":"2025-03-08T23:02:05","modified_gmt":"2025-03-08T22:02:05","slug":"harpe-celtique-grande-harpe","status":"publish","type":"page","link":"https:\/\/www.ecole-musique-pannes.fr\/index.php\/harpe-celtique-grande-harpe\/","title":{"rendered":"Harpe Celtique &amp; Grande Harpe"},"content":{"rendered":"\n<div class=\"wp-block-columns is-layout-flex wp-container-core-columns-is-layout-28f84493 wp-block-columns-is-layout-flex\">\n<div class=\"wp-block-column is-layout-flow wp-block-column-is-layout-flow\">\n<h2 class=\"wp-block-heading\"><strong>Harpe Celtique &amp; Grande Harpe<\/strong><\/h2>\n\n\n\n<p>On peut commencer \u00e0 partir de 6 ans. Diff\u00e9rentes tailles de harpe permettent de s&#8217;adapter au fil de la croissance afin d&#8217;acc\u00e9der \u00e0 la grande harpe d\u00e8s que la morphologie de l&#8217;\u00e9l\u00e8ve le permet. L&#8217;instrument couvre l&#8217;int\u00e9gralit\u00e9 des notes usuelles (comme le piano) et se suffit \u00e0 lui-m\u00eame en ce sens qu&#8217;il permet d&#8217;accompagner des m\u00e9lodies. Il exige une bonne coordination des mains. Sur la grande harpe, on utilise \u00e9galement les pieds, puisque des p\u00e9dales permettent d&#8217;obtenir les di\u00e8ses et les b\u00e9mols (touches noires sur un clavier de piano). Le\u00a0r\u00e9pertoire de la harpe celtique est essentiellement bas\u00e9 sur la\u00a0musique traditionnelle (irlandaise et bretonne). Celui de la\u00a0musique classique est plus limit\u00e9 mais int\u00e9ressant. Avec\u00a0la grande harpe, le r\u00e9pertoire est tr\u00e8s diversifi\u00e9 : musique\u00a0classique, contemporaine, musiques actuelles, et m\u00eame le jazz\u2026 On peut donc jouer en soliste, mais aussi \u2013 \u00e9videmment \u2013 en petits ensembles ou en orchestre&#8230;<\/p>\n<\/div>\n\n\n\n<div class=\"wp-block-column is-layout-flow wp-block-column-is-layout-flow\">\n<figure class=\"wp-block-image size-large\"><img loading=\"lazy\" decoding=\"async\" width=\"1024\" height=\"621\" src=\"http:\/\/www.ecole-musique-pannes.fr\/wp-content\/uploads\/2023\/02\/redim_OSL_photo_principale2_Andre_Chevrier-1024x621.jpg\" alt=\"\" class=\"wp-image-9\" srcset=\"https:\/\/www.ecole-musique-pannes.fr\/wp-content\/uploads\/2023\/02\/redim_OSL_photo_principale2_Andre_Chevrier-1024x621.jpg 1024w, https:\/\/www.ecole-musique-pannes.fr\/wp-content\/uploads\/2023\/02\/redim_OSL_photo_principale2_Andre_Chevrier-300x182.jpg 300w, https:\/\/www.ecole-musique-pannes.fr\/wp-content\/uploads\/2023\/02\/redim_OSL_photo_principale2_Andre_Chevrier-768x466.jpg 768w, https:\/\/www.ecole-musique-pannes.fr\/wp-content\/uploads\/2023\/02\/redim_OSL_photo_principale2_Andre_Chevrier.jpg 1200w\" sizes=\"auto, (max-width: 1024px) 100vw, 1024px\" \/><\/figure>\n<\/div>\n<\/div>\n\n\n\n<div class=\"wp-block-columns has-background is-layout-flex wp-container-core-columns-is-layout-28f84493 wp-block-columns-is-layout-flex\" style=\"background:linear-gradient(135deg,rgb(107,28,37) 0%,rgb(0,0,0) 100%)\">\n<div class=\"wp-block-column has-ast-global-color-4-color has-text-color has-link-color wp-elements-84820f0881640af2b603e209a35d571e is-layout-flow wp-block-column-is-layout-flow\">\n<h2 class=\"wp-block-heading has-ast-global-color-4-color has-text-color has-link-color wp-elements-fc766ddd8c5ad2d578439833a985d198\">L&#8217;histoire de la harpe<\/h2>\n\n\n\n<p>La harpe est l&#8217;un des instruments de musique les plus anciens, avec des origines remontant \u00e0 l&#8217;Antiquit\u00e9. Les premi\u00e8res repr\u00e9sentations de harpes apparaissent dans les civilisations sum\u00e9riennes et \u00e9gyptiennes il y a plus de 5 000 ans. Ces instruments primitifs \u00e9taient souvent fabriqu\u00e9s \u00e0 partir de mat\u00e9riaux naturels comme le bois et les boyaux d&#8217;animaux pour les cordes. Au fil des si\u00e8cles, la harpe a \u00e9volu\u00e9 \u00e0 travers diverses cultures, notamment en Irlande et en Afrique, o\u00f9 elle a jou\u00e9 un r\u00f4le central dans la musique traditionnelle. Au Moyen \u00c2ge, la harpe a gagn\u00e9 en popularit\u00e9 dans les cours europ\u00e9ennes, et au 18\u00e8me si\u00e8cle, elle a \u00e9t\u00e9 perfectionn\u00e9e pour devenir l&#8217;instrument orchestral que nous connaissons aujourd&#8217;hui, avec l&#8217;ajout de p\u00e9dales permettant de moduler la hauteur des notes. La harpe moderne est appr\u00e9ci\u00e9e pour son son cristallin et est utilis\u00e9e dans une vari\u00e9t\u00e9 de genres musicaux, de la musique classique \u00e0 la musique contemporaine.<\/p>\n<\/div>\n\n\n\n<div class=\"wp-block-column is-layout-flow wp-block-column-is-layout-flow\">\n<figure class=\"wp-block-image size-full is-resized\"><img loading=\"lazy\" decoding=\"async\" width=\"500\" height=\"375\" src=\"https:\/\/www.ecole-musique-pannes.fr\/wp-content\/uploads\/2025\/03\/image24-edited.jpeg\" alt=\"\" class=\"wp-image-218\" style=\"width:717px;height:auto\" srcset=\"https:\/\/www.ecole-musique-pannes.fr\/wp-content\/uploads\/2025\/03\/image24-edited.jpeg 500w, https:\/\/www.ecole-musique-pannes.fr\/wp-content\/uploads\/2025\/03\/image24-edited-300x225.jpeg 300w\" sizes=\"auto, (max-width: 500px) 100vw, 500px\" \/><\/figure>\n<\/div>\n<\/div>\n\n\n\n<div class=\"wp-block-columns is-layout-flex wp-container-core-columns-is-layout-28f84493 wp-block-columns-is-layout-flex\">\n<div class=\"wp-block-column is-layout-flow wp-block-column-is-layout-flow\" style=\"flex-basis:33.33%\">\n<figure class=\"wp-block-image size-full is-resized\"><img loading=\"lazy\" decoding=\"async\" width=\"213\" height=\"320\" src=\"http:\/\/www.ecole-musique-pannes.fr\/wp-content\/uploads\/2023\/03\/image-2.png\" alt=\"\" class=\"wp-image-62\" style=\"width:394px;height:auto\" srcset=\"https:\/\/www.ecole-musique-pannes.fr\/wp-content\/uploads\/2023\/03\/image-2.png 213w, https:\/\/www.ecole-musique-pannes.fr\/wp-content\/uploads\/2023\/03\/image-2-200x300.png 200w\" sizes=\"auto, (max-width: 213px) 100vw, 213px\" \/><\/figure>\n<\/div>\n\n\n\n<div class=\"wp-block-column is-layout-flow wp-block-column-is-layout-flow\" style=\"flex-basis:66.66%\">\n<h2 class=\"wp-block-heading\">Votre professeure de harpe<\/h2>\n\n\n\n<h3 class=\"wp-block-heading\">Eric HEYM<\/h3>\n\n\n\n<p>Je suis ravie de partager avec vous ma passion pour cet instrument envo\u00fbtant. Dipl\u00f4m\u00e9e du Conservatoire de Musique de Lausanne avec un prix de virtuosit\u00e9 et un dipl\u00f4me d&#8217;enseignement, j&#8217;ai \u00e0 c\u0153ur de transmettre mon savoir-faire et mon amour pour la musique. Depuis mon arriv\u00e9e dans le Loiret en 2000, j&#8217;ai fond\u00e9 plusieurs ensembles musicaux, dont l&#8217;association HARPE EN G\u00c2TINAIS, le DUO NICHOLIOS (fl\u00fbte et harpe), le DUO BAROQUE (harmonica et harpe), et plus r\u00e9cemment, le DUO LA BARAUDI\u00c8RE (violon et harpe). Ces collaborations enrichissantes nourrissent mes activit\u00e9s de concertiste et me permettent d&#8217;explorer divers r\u00e9pertoires. En plus de l&#8217;enseignement de la grande harpe et de la harpe celtique, je propose des cours d&#8217;\u00e9veil musical, de formation musicale et de piano, tant en \u00e9cole de musique qu&#8217;\u00e0 mon domicile. Je suis impatiente de vous accompagner dans votre parcours musical et de vous aider \u00e0 d\u00e9couvrir la magie de la harpe. \u00c0 tr\u00e8s bient\u00f4t pour nos premiers cours ensemble !<\/p>\n<\/div>\n<\/div>\n","protected":false},"excerpt":{"rendered":"<p>Harpe Celtique &amp; Grande Harpe On peut commencer \u00e0 partir de 6 ans. Diff\u00e9rentes tailles de harpe permettent de s&#8217;adapter [&hellip;]<\/p>\n","protected":false},"author":2,"featured_media":0,"parent":0,"menu_order":0,"comment_status":"closed","ping_status":"closed","template":"","meta":{"site-sidebar-layout":"default","site-content-layout":"","ast-site-content-layout":"","site-content-style":"default","site-sidebar-style":"default","ast-global-header-display":"","ast-banner-title-visibility":"","ast-main-header-display":"","ast-hfb-above-header-display":"","ast-hfb-below-header-display":"","ast-hfb-mobile-header-display":"","site-post-title":"","ast-breadcrumbs-content":"","ast-featured-img":"","footer-sml-layout":"","theme-transparent-header-meta":"","adv-header-id-meta":"","stick-header-meta":"","header-above-stick-meta":"","header-main-stick-meta":"","header-below-stick-meta":"","astra-migrate-meta-layouts":"default","ast-page-background-enabled":"default","ast-page-background-meta":{"desktop":{"background-color":"var(--ast-global-color-5)","background-image":"","background-repeat":"repeat","background-position":"center center","background-size":"auto","background-attachment":"scroll","background-type":"","background-media":"","overlay-type":"","overlay-color":"","overlay-opacity":"","overlay-gradient":""},"tablet":{"background-color":"","background-image":"","background-repeat":"repeat","background-position":"center center","background-size":"auto","background-attachment":"scroll","background-type":"","background-media":"","overlay-type":"","overlay-color":"","overlay-opacity":"","overlay-gradient":""},"mobile":{"background-color":"","background-image":"","background-repeat":"repeat","background-position":"center center","background-size":"auto","background-attachment":"scroll","background-type":"","background-media":"","overlay-type":"","overlay-color":"","overlay-opacity":"","overlay-gradient":""}},"ast-content-background-meta":{"desktop":{"background-color":"var(--ast-global-color-4)","background-image":"","background-repeat":"repeat","background-position":"center center","background-size":"auto","background-attachment":"scroll","background-type":"","background-media":"","overlay-type":"","overlay-color":"","overlay-opacity":"","overlay-gradient":""},"tablet":{"background-color":"var(--ast-global-color-4)","background-image":"","background-repeat":"repeat","background-position":"center center","background-size":"auto","background-attachment":"scroll","background-type":"","background-media":"","overlay-type":"","overlay-color":"","overlay-opacity":"","overlay-gradient":""},"mobile":{"background-color":"var(--ast-global-color-4)","background-image":"","background-repeat":"repeat","background-position":"center center","background-size":"auto","background-attachment":"scroll","background-type":"","background-media":"","overlay-type":"","overlay-color":"","overlay-opacity":"","overlay-gradient":""}},"footnotes":""},"class_list":["post-216","page","type-page","status-publish","hentry"],"yoast_head":"<!-- This site is optimized with the Yoast SEO plugin v24.6 - https:\/\/yoast.com\/wordpress\/plugins\/seo\/ -->\n<title>Harpe Celtique &amp; Grande Harpe - \u00c9COLE DE MUSIQUE DE PANNES<\/title>\n<meta name=\"robots\" content=\"index, follow, max-snippet:-1, max-image-preview:large, max-video-preview:-1\" \/>\n<link rel=\"canonical\" href=\"https:\/\/www.ecole-musique-pannes.fr\/index.php\/harpe-celtique-grande-harpe\/\" \/>\n<meta property=\"og:locale\" content=\"en_US\" \/>\n<meta property=\"og:type\" content=\"article\" \/>\n<meta property=\"og:title\" content=\"Harpe Celtique &amp; Grande Harpe - \u00c9COLE DE MUSIQUE DE PANNES\" \/>\n<meta property=\"og:description\" content=\"Harpe Celtique &amp; Grande Harpe On peut commencer \u00e0 partir de 6 ans. Diff\u00e9rentes tailles de harpe permettent de s&#8217;adapter [&hellip;]\" \/>\n<meta property=\"og:url\" content=\"https:\/\/www.ecole-musique-pannes.fr\/index.php\/harpe-celtique-grande-harpe\/\" \/>\n<meta property=\"og:site_name\" content=\"\u00c9COLE DE MUSIQUE DE PANNES\" \/>\n<meta property=\"article:publisher\" content=\"https:\/\/www.facebook.com\/ecoledemusiquedepannes\/\" \/>\n<meta property=\"og:image\" content=\"http:\/\/www.ecole-musique-pannes.fr\/wp-content\/uploads\/2023\/02\/redim_OSL_photo_principale2_Andre_Chevrier-1024x621.jpg\" \/>\n<meta name=\"twitter:card\" content=\"summary_large_image\" \/>\n<meta name=\"twitter:label1\" content=\"Est. reading time\" \/>\n\t<meta name=\"twitter:data1\" content=\"3 minutes\" \/>\n<script type=\"application\/ld+json\" class=\"yoast-schema-graph\">{\"@context\":\"https:\/\/schema.org\",\"@graph\":[{\"@type\":\"WebPage\",\"@id\":\"https:\/\/www.ecole-musique-pannes.fr\/index.php\/harpe-celtique-grande-harpe\/\",\"url\":\"https:\/\/www.ecole-musique-pannes.fr\/index.php\/harpe-celtique-grande-harpe\/\",\"name\":\"Harpe Celtique &amp; Grande Harpe - \u00c9COLE DE MUSIQUE DE PANNES\",\"isPartOf\":{\"@id\":\"https:\/\/www.ecole-musique-pannes.fr\/#website\"},\"primaryImageOfPage\":{\"@id\":\"https:\/\/www.ecole-musique-pannes.fr\/index.php\/harpe-celtique-grande-harpe\/#primaryimage\"},\"image\":{\"@id\":\"https:\/\/www.ecole-musique-pannes.fr\/index.php\/harpe-celtique-grande-harpe\/#primaryimage\"},\"thumbnailUrl\":\"http:\/\/www.ecole-musique-pannes.fr\/wp-content\/uploads\/2023\/02\/redim_OSL_photo_principale2_Andre_Chevrier-1024x621.jpg\",\"datePublished\":\"2025-03-08T22:02:05+00:00\",\"breadcrumb\":{\"@id\":\"https:\/\/www.ecole-musique-pannes.fr\/index.php\/harpe-celtique-grande-harpe\/#breadcrumb\"},\"inLanguage\":\"en-US\",\"potentialAction\":[{\"@type\":\"ReadAction\",\"target\":[\"https:\/\/www.ecole-musique-pannes.fr\/index.php\/harpe-celtique-grande-harpe\/\"]}]},{\"@type\":\"ImageObject\",\"inLanguage\":\"en-US\",\"@id\":\"https:\/\/www.ecole-musique-pannes.fr\/index.php\/harpe-celtique-grande-harpe\/#primaryimage\",\"url\":\"https:\/\/www.ecole-musique-pannes.fr\/wp-content\/uploads\/2023\/02\/redim_OSL_photo_principale2_Andre_Chevrier.jpg\",\"contentUrl\":\"https:\/\/www.ecole-musique-pannes.fr\/wp-content\/uploads\/2023\/02\/redim_OSL_photo_principale2_Andre_Chevrier.jpg\",\"width\":1200,\"height\":728},{\"@type\":\"BreadcrumbList\",\"@id\":\"https:\/\/www.ecole-musique-pannes.fr\/index.php\/harpe-celtique-grande-harpe\/#breadcrumb\",\"itemListElement\":[{\"@type\":\"ListItem\",\"position\":1,\"name\":\"Accueil\",\"item\":\"https:\/\/www.ecole-musique-pannes.fr\/\"},{\"@type\":\"ListItem\",\"position\":2,\"name\":\"Harpe Celtique &amp; Grande Harpe\"}]},{\"@type\":\"WebSite\",\"@id\":\"https:\/\/www.ecole-musique-pannes.fr\/#website\",\"url\":\"https:\/\/www.ecole-musique-pannes.fr\/\",\"name\":\"\u00c9COLE DE MUSIQUE DE PANNES\",\"description\":\"\",\"potentialAction\":[{\"@type\":\"SearchAction\",\"target\":{\"@type\":\"EntryPoint\",\"urlTemplate\":\"https:\/\/www.ecole-musique-pannes.fr\/?s={search_term_string}\"},\"query-input\":{\"@type\":\"PropertyValueSpecification\",\"valueRequired\":true,\"valueName\":\"search_term_string\"}}],\"inLanguage\":\"en-US\"}]}<\/script>\n<!-- \/ Yoast SEO plugin. -->","yoast_head_json":{"title":"Harpe Celtique &amp; Grande Harpe - \u00c9COLE DE MUSIQUE DE PANNES","robots":{"index":"index","follow":"follow","max-snippet":"max-snippet:-1","max-image-preview":"max-image-preview:large","max-video-preview":"max-video-preview:-1"},"canonical":"https:\/\/www.ecole-musique-pannes.fr\/index.php\/harpe-celtique-grande-harpe\/","og_locale":"en_US","og_type":"article","og_title":"Harpe Celtique &amp; Grande Harpe - \u00c9COLE DE MUSIQUE DE PANNES","og_description":"Harpe Celtique &amp; Grande Harpe On peut commencer \u00e0 partir de 6 ans. Diff\u00e9rentes tailles de harpe permettent de s&#8217;adapter [&hellip;]","og_url":"https:\/\/www.ecole-musique-pannes.fr\/index.php\/harpe-celtique-grande-harpe\/","og_site_name":"\u00c9COLE DE MUSIQUE DE PANNES","article_publisher":"https:\/\/www.facebook.com\/ecoledemusiquedepannes\/","og_image":[{"url":"http:\/\/www.ecole-musique-pannes.fr\/wp-content\/uploads\/2023\/02\/redim_OSL_photo_principale2_Andre_Chevrier-1024x621.jpg","type":"","width":"","height":""}],"twitter_card":"summary_large_image","twitter_misc":{"Est. reading time":"3 minutes"},"schema":{"@context":"https:\/\/schema.org","@graph":[{"@type":"WebPage","@id":"https:\/\/www.ecole-musique-pannes.fr\/index.php\/harpe-celtique-grande-harpe\/","url":"https:\/\/www.ecole-musique-pannes.fr\/index.php\/harpe-celtique-grande-harpe\/","name":"Harpe Celtique &amp; Grande Harpe - \u00c9COLE DE MUSIQUE DE PANNES","isPartOf":{"@id":"https:\/\/www.ecole-musique-pannes.fr\/#website"},"primaryImageOfPage":{"@id":"https:\/\/www.ecole-musique-pannes.fr\/index.php\/harpe-celtique-grande-harpe\/#primaryimage"},"image":{"@id":"https:\/\/www.ecole-musique-pannes.fr\/index.php\/harpe-celtique-grande-harpe\/#primaryimage"},"thumbnailUrl":"http:\/\/www.ecole-musique-pannes.fr\/wp-content\/uploads\/2023\/02\/redim_OSL_photo_principale2_Andre_Chevrier-1024x621.jpg","datePublished":"2025-03-08T22:02:05+00:00","breadcrumb":{"@id":"https:\/\/www.ecole-musique-pannes.fr\/index.php\/harpe-celtique-grande-harpe\/#breadcrumb"},"inLanguage":"en-US","potentialAction":[{"@type":"ReadAction","target":["https:\/\/www.ecole-musique-pannes.fr\/index.php\/harpe-celtique-grande-harpe\/"]}]},{"@type":"ImageObject","inLanguage":"en-US","@id":"https:\/\/www.ecole-musique-pannes.fr\/index.php\/harpe-celtique-grande-harpe\/#primaryimage","url":"https:\/\/www.ecole-musique-pannes.fr\/wp-content\/uploads\/2023\/02\/redim_OSL_photo_principale2_Andre_Chevrier.jpg","contentUrl":"https:\/\/www.ecole-musique-pannes.fr\/wp-content\/uploads\/2023\/02\/redim_OSL_photo_principale2_Andre_Chevrier.jpg","width":1200,"height":728},{"@type":"BreadcrumbList","@id":"https:\/\/www.ecole-musique-pannes.fr\/index.php\/harpe-celtique-grande-harpe\/#breadcrumb","itemListElement":[{"@type":"ListItem","position":1,"name":"Accueil","item":"https:\/\/www.ecole-musique-pannes.fr\/"},{"@type":"ListItem","position":2,"name":"Harpe Celtique &amp; Grande Harpe"}]},{"@type":"WebSite","@id":"https:\/\/www.ecole-musique-pannes.fr\/#website","url":"https:\/\/www.ecole-musique-pannes.fr\/","name":"\u00c9COLE DE MUSIQUE DE PANNES","description":"","potentialAction":[{"@type":"SearchAction","target":{"@type":"EntryPoint","urlTemplate":"https:\/\/www.ecole-musique-pannes.fr\/?s={search_term_string}"},"query-input":{"@type":"PropertyValueSpecification","valueRequired":true,"valueName":"search_term_string"}}],"inLanguage":"en-US"}]}},"_links":{"self":[{"href":"https:\/\/www.ecole-musique-pannes.fr\/index.php\/wp-json\/wp\/v2\/pages\/216","targetHints":{"allow":["GET"]}}],"collection":[{"href":"https:\/\/www.ecole-musique-pannes.fr\/index.php\/wp-json\/wp\/v2\/pages"}],"about":[{"href":"https:\/\/www.ecole-musique-pannes.fr\/index.php\/wp-json\/wp\/v2\/types\/page"}],"author":[{"embeddable":true,"href":"https:\/\/www.ecole-musique-pannes.fr\/index.php\/wp-json\/wp\/v2\/users\/2"}],"replies":[{"embeddable":true,"href":"https:\/\/www.ecole-musique-pannes.fr\/index.php\/wp-json\/wp\/v2\/comments?post=216"}],"version-history":[{"count":1,"href":"https:\/\/www.ecole-musique-pannes.fr\/index.php\/wp-json\/wp\/v2\/pages\/216\/revisions"}],"predecessor-version":[{"id":219,"href":"https:\/\/www.ecole-musique-pannes.fr\/index.php\/wp-json\/wp\/v2\/pages\/216\/revisions\/219"}],"wp:attachment":[{"href":"https:\/\/www.ecole-musique-pannes.fr\/index.php\/wp-json\/wp\/v2\/media?parent=216"}],"curies":[{"name":"wp","href":"https:\/\/api.w.org\/{rel}","templated":true}]}}